{"id":1811,"date":"2018-03-30T20:48:08","date_gmt":"2018-03-30T20:48:08","guid":{"rendered":"https:\/\/www.axisproto.com\/?page_id=1811"},"modified":"2019-08-26T18:23:14","modified_gmt":"2019-08-26T18:23:14","slug":"centre-apprentissage","status":"publish","type":"page","link":"https:\/\/www.axisproto.com\/fr\/centre-apprentissage\/","title":{"rendered":"Centre d&rsquo;apprentissage"},"content":{"rendered":"<p>La st\u00e9r\u00e9olithographie est une technique de prototypage rapide qui permet de fabriquer des objets 3D \u00e0 partir d\u2019un mod\u00e8le num\u00e9rique dessin\u00e9 puis export\u00e9 dans un format standard, le format STL (ST\u00e9r\u00e9oLithographie).<\/p>\n<p>Plusieurs proc\u00e9d\u00e9s sont bas\u00e9s sur ce principe tel que le frittage et la photopolym\u00e9risation.<\/p>\n<p><strong>Fabrication par frittage de poudre de nylon ou SLS MD<\/strong><\/p>\n<p>La technologie de frittage s\u00e9lectif emploie un laser \u00e0 CO2 pour donner une \u00e9nergie thermique relativement faible permettant de porter une vari\u00e9t\u00e9 de poudres thermoplastiques et m\u00e9talliques \u00e0 la temp\u00e9rature de diffusion \u00e0 l\u2019\u00e9tat solide ou de frittage.<\/p>\n<p>Ce proc\u00e9d\u00e9 permet de d\u00e9velopper rapidement des objets \u00e0 g\u00e9om\u00e9trie extr\u00eamement complexe, fonctionnels et durables, en plus de permettre toute une gamme d\u2019autres applications.<\/p>\n<p>Les avantages sont nombreux :<\/p>\n<ul>\n<li>Pi\u00e8ces et assemblages d\u00e9taill\u00e9s<\/li>\n<li>Vari\u00e9t\u00e9 des mat\u00e9riaux utilis\u00e9s : plastiques, pi\u00e8ces m\u00e9talliques, etc.<\/li>\n<li>Possibilit\u00e9 de charni\u00e8res int\u00e9grales et de fermoirs d\u2019une grande souplesse<\/li>\n<li>Tol\u00e9rance \u00e0 la tension et thermotol\u00e9rance \u00e9lev\u00e9es<\/li>\n<li>Production \u00e9conomique de petite s\u00e9rie<\/li>\n<li>Utilisation pour des pr\u00e9sentations, des d\u00e9monstrations et des reproductions vid\u00e9o<\/li>\n<li>Pr\u00e9cision dimensionnelle au milli\u00e8me de pouce pr\u00e8s<\/li>\n<li>Livraison rapide de la plupart des pi\u00e8ces et des mod\u00e8les<\/li>\n<\/ul>\n<p><img loading=\"lazy\" decoding=\"async\" src=\"https:\/\/www.axisproto.com\/app\/uploads\/2018\/03\/graphique-SLS_FR.png\" alt=\"Centre d'apprentissage\" width=\"468\" height=\"317\" class=\"alignnone size-full wp-image-1814\" srcset=\"https:\/\/www.axisproto.com\/app\/uploads\/2018\/03\/graphique-SLS_FR.png 468w, https:\/\/www.axisproto.com\/app\/uploads\/2018\/03\/graphique-SLS_FR-300x203.png 300w\" sizes=\"(max-width: 468px) 100vw, 468px\" \/><\/p>\n<p><strong>La photopolym\u00e9risation ou SLA MD<\/strong><\/p>\n<p>Ce proc\u00e9d\u00e9 utilise un laser ultraviolet comme photoinitiateur de la polym\u00e9risation du mat\u00e9riau.<\/p>\n<p>Gr\u00e2ce \u00e0 cette technique, des mod\u00e8les \u00e0 g\u00e9om\u00e9trie extr\u00eamement complexe peuvent \u00eatre d\u00e9velopp\u00e9s rapidement avec une qualit\u00e9 esth\u00e9tique exceptionnelle.<\/p>\n<p>Les avantages sont aussi nombreux :<\/p>\n<ul>\n<li>Pr\u00e9cision au milli\u00e8me de pouce pr\u00e8s<\/li>\n<li>Gamme de r\u00e9sines variant en rigidit\u00e9, en couleur, en clart\u00e9 et en thermotol\u00e9rance<\/li>\n<li>Possibilit\u00e9 de production \u00e9conomique de petite s\u00e9rie<\/li>\n<li>Utilisation pour des pr\u00e9sentations, des d\u00e9monstrations et des photoreproductions<\/li>\n<li>Livraison rapide de la plupart des pi\u00e8ces<\/li>\n<\/ul>\n<p><img loading=\"lazy\" decoding=\"async\" src=\"https:\/\/www.axisproto.com\/app\/uploads\/2018\/03\/graphique-SLA_FR.png\" alt=\"Centre d'apprentissage\" width=\"224\" height=\"332\" class=\"alignnone size-full wp-image-1816\" srcset=\"https:\/\/www.axisproto.com\/app\/uploads\/2018\/03\/graphique-SLA_FR.png 224w, https:\/\/www.axisproto.com\/app\/uploads\/2018\/03\/graphique-SLA_FR-202x300.png 202w\" sizes=\"(max-width: 224px) 100vw, 224px\" \/><\/p>\n","protected":false},"excerpt":{"rendered":"<p>La st\u00e9r\u00e9olithographie est une technique de prototypage rapide qui permet de fabriquer des objets 3D \u00e0 partir d\u2019un mod\u00e8le num\u00e9rique dessin\u00e9 puis export\u00e9 dans un format standard, le format STL (ST\u00e9r\u00e9oLithographie). Plusieurs proc\u00e9d\u00e9s sont bas\u00e9s sur ce principe tel que le frittage et la photopolym\u00e9risation. Fabrication par frittage de poudre de nylon ou SLS MD [&hellip;]<\/p>\n","protected":false},"author":1,"featured_media":0,"parent":0,"menu_order":0,"comment_status":"closed","ping_status":"closed","template":"template-generic.php","meta":{"_acf_changed":false,"footnotes":""},"class_list":["post-1811","page","type-page","status-publish","hentry"],"acf":[],"_links":{"self":[{"href":"https:\/\/www.axisproto.com\/fr\/wp-json\/wp\/v2\/pages\/1811"}],"collection":[{"href":"https:\/\/www.axisproto.com\/fr\/wp-json\/wp\/v2\/pages"}],"about":[{"href":"https:\/\/www.axisproto.com\/fr\/wp-json\/wp\/v2\/types\/page"}],"author":[{"embeddable":true,"href":"https:\/\/www.axisproto.com\/fr\/wp-json\/wp\/v2\/users\/1"}],"replies":[{"embeddable":true,"href":"https:\/\/www.axisproto.com\/fr\/wp-json\/wp\/v2\/comments?post=1811"}],"version-history":[{"count":4,"href":"https:\/\/www.axisproto.com\/fr\/wp-json\/wp\/v2\/pages\/1811\/revisions"}],"predecessor-version":[{"id":2603,"href":"https:\/\/www.axisproto.com\/fr\/wp-json\/wp\/v2\/pages\/1811\/revisions\/2603"}],"wp:attachment":[{"href":"https:\/\/www.axisproto.com\/fr\/wp-json\/wp\/v2\/media?parent=1811"}],"curies":[{"name":"wp","href":"https:\/\/api.w.org\/{rel}","templated":true}]}}