{"id":1604,"date":"2018-03-30T19:29:31","date_gmt":"2018-03-30T19:29:31","guid":{"rendered":"https:\/\/www.axisproto.com\/?page_id=1604"},"modified":"2019-08-26T18:15:18","modified_gmt":"2019-08-26T18:15:18","slug":"politique-de-confidentialite","status":"publish","type":"page","link":"https:\/\/www.axisproto.com\/fr\/politique-de-confidentialite\/","title":{"rendered":"Politique de Confidentialite"},"content":{"rendered":"<p><strong>Quelles informations recueillons-nous ? <\/strong><\/p>\n<p>Nous recueillons des renseignements aupr\u00e8s de vous lorsque vous vous inscrivez sur notre site, placez une commande ou au moment ou vous vous abonnez \u00e0 notre infolettre.<\/p>\n<p>Lors d&rsquo;une commande ou en vous inscrivant sur notre site, le cas \u00e9ch\u00e9ant, vous pourriez \u00eatre invit\u00e9 \u00e0 entrer votre : nom, adresse courriel, adresse ou num\u00e9ro de t\u00e9l\u00e9phone d&rsquo;envoi. Vous pouvez, cependant, visitez notre site anonymement.<\/p>\n<p>Google, un vendeur tiers, utilise des cookies pour servir des annonces sur votre site.<\/p>\n<p>Utilisation de Google du cookie DART lui permet de servir des publicit\u00e9s \u00e0 vos utilisateurs d&rsquo;apr\u00e8s leur visite \u00e0 vos sites et d&rsquo;autres sites sur Internet.<\/p>\n<p>Les utilisateurs peuvent choisir de l&rsquo;utilisation du cookie DART en visitant l&rsquo;ad de Google et de la politique de confidentialit\u00e9 de r\u00e9seau de contenu&#8230;<\/p>\n<p><strong>Ce qu&rsquo;utilisons-nous vos renseignements ? <\/strong><\/p>\n<p>Les renseignements que nous recueillons aupr\u00e8s de vous peuvent servir dans l&rsquo;une des fa\u00e7ons suivantes : <\/p>\n<ul>\n<li>Pour personnaliser votre exp\u00e9rience<br \/>\n(vos informations nous aident \u00e0 mieux r\u00e9pondre \u00e0 vos besoins individuels)<\/li>\n<li>Pour am\u00e9liorer notre site Web<br \/>\n(nous nous effor\u00e7ons continuellement d&rsquo;am\u00e9liorer notre offre de site Web sur la base d&rsquo;informations et commentaires que nous recevons de vous)<\/li>\n<li>Pour am\u00e9liorer le service \u00e0 la client\u00e8le<br \/>\n(vos informations nous aident \u00e0 mieux r\u00e9pondre \u00e0 vos demandes de service client et de r\u00e9pondre aux besoins)<\/li>\n<li>Pour processus de transactions<br \/>\nVos informations, public ou priv\u00e9, ne seront pas \u00eatre vendues, \u00e9chang\u00e9es, transf\u00e9r\u00e9es ou donn\u00e9es \u00e0 toute autre soci\u00e9t\u00e9 pour quelque raison que ce soit, sans votre consentement, sauf dans le but expr\u00e8s de livrer le produit achet\u00e9 ou le service demand\u00e9.<br \/>\nPour administrer un concours, promotion, sondage ou autre fonctionnalit\u00e9 du site<\/li>\n<li>Pour envoyer des courriels p\u00e9riodiques<br \/>\nL&rsquo;adresse de courriel que vous fournissez pour le traitement des commandes, peut servir \u00e0 vous envoyer des informations et des mises \u00e0 jour relatives \u00e0 votre commande, en plus de recevoir les news soci\u00e9t\u00e9 occasionnelles, mises \u00e0 jour, produit connexe ou informations de service, etc..<\/li>\n<\/ul>\n<p><strong><em>Note: Si \u00e0 tout moment vous souhaitez vous d\u00e9sinscrire de recevoir des courriels futures, nous incluons d\u00e9taill\u00e9s vous d\u00e9sabonner des instructions au bas de chaque courriel.<\/em><\/strong><\/p>\n<p><strong>Comment prot\u00e9ger vos informations ?<\/strong><\/p>\n<p>Nous mettre en \u0153uvre une vari\u00e9t\u00e9 de mesures de s\u00e9curit\u00e9 pour maintenir la s\u00e9curit\u00e9 de vos renseignements personnels lorsque vous entrez, soumettre ou acc\u00e9dez \u00e0 vos renseignements personnels.<\/p>\n<p><strong>Nous utilisons des cookies ?<\/strong><\/p>\n<p>Oui (les Cookies sont de petits fichiers qu&rsquo;un site ou son fournisseur de services transf\u00e8re sur votre disque dur des ordinateurs par l&rsquo;interm\u00e9diaire de votre navigateur Web (si vous autorisez) qui permet des sites ou les fournisseurs de syst\u00e8mes de reconna\u00eetre votre navigateur et capture et n&rsquo;oubliez pas de certaines informations<\/p>\n<p>Nous utilisons les cookies pour garder une trace de publicit\u00e9s et de compiler des donn\u00e9es globales sur le trafic du site et l&rsquo;interaction de site afin que nous pouvons offrir des outils et des exp\u00e9riences de site mieux \u00e0 l&rsquo;avenir. Nous pouvons conclure un contrat avec les fournisseurs de services tiers pour nous aider \u00e0 mieux comprendre les visiteurs de notre site. Ces fournisseurs de services ne sont pas autoris\u00e9s \u00e0 utiliser les renseignements recueillis en notre nom, sauf aux nous aider \u00e0 mener et \u00e0 am\u00e9liorer notre entreprise.<\/p>\n<p><strong>Nous ne la divulguons des renseignements \u00e0 des tiers ?<\/strong> <\/p>\n<p>Nous ne vendre, le commerce ou autrement transf\u00e9rer \u00e0 des tiers vos informations personnellement identifiables. Cela ne comprend pas de tiers de confiance qui nous aident dans l&rsquo;exploitation de notre site Web, de mener nos activit\u00e9s ou entretien vous, tant que les parties conviennent de garder cette information confidentielle. Nous pouvons \u00e9galement lib\u00e9rer vos informations lorsque nous croyons lib\u00e9ration convient de se conformer \u00e0 la Loi, appliquer nos r\u00e8glements du site ou prot\u00e9ger la n\u00f4tre ou autres droits, la propri\u00e9t\u00e9 ou la s\u00e9curit\u00e9. Toutefois, non personnellement identifiables visiteur renseignements peuvent \u00eatre fournis \u00e0 d&rsquo;autres parties de marketing, de publicit\u00e9 ou d&rsquo;autres utilisations.<\/p>\n<p><strong>Liens de tiers<\/strong><\/p>\n<p>\u00c0 l&rsquo;occasion, \u00e0 notre discr\u00e9tion, nous pouvons inclure ou offrir des services ou produits tiers sur notre site Web. Ces sites de tiers ont des politiques de confidentialit\u00e9 distinctes et ind\u00e9pendantes. Nous n&rsquo;avons donc aucune responsabilit\u00e9 ou responsabilit\u00e9 pour le contenu et les activit\u00e9s de ces sites li\u00e9s. N\u00e9anmoins, nous cherchons \u00e0 prot\u00e9ger l&rsquo;int\u00e9grit\u00e9 de notre site et accueillir des commentaires sur ces sites.<\/p>\n<p><strong>Votre consentement<\/strong> <\/p>\n<p>En utilisant notre site, vous consentez \u00e0 notre politique de confidentialit\u00e9 en ligne.<\/p>\n<p><strong>Modifications apport\u00e9es \u00e0 notre politique de confidentialit\u00e9 <\/strong><\/p>\n<p>Si nous d\u00e9cidons de modifier notre politique de confidentialit\u00e9, nous posterons ces changements sur cette page. <\/p>\n<p><strong>Nous contacter<\/strong> <\/p>\n<p>S&rsquo;il y a des questions au sujet de cette politique de confidentialit\u00e9 vous pouvez nous contacter en utilisant les informations ci-dessous.<\/p>\n<p><strong>https:\/\/www.axisproto.com<\/strong><br \/>\n6956 Jarry Est<br \/>\nMontr\u00e9al, Quebec H1P 3C1<br \/>\nCanada<br \/>\n<a href=\"mailto:info@axisproto.com\" rel=\"noopener\" target=\"_blank\">info@axisproto.com<\/a><\/p>\n","protected":false},"excerpt":{"rendered":"<p>Quelles informations recueillons-nous ? Nous recueillons des renseignements aupr\u00e8s de vous lorsque vous vous inscrivez sur notre site, placez une commande ou au moment ou vous vous abonnez \u00e0 notre infolettre. Lors d&rsquo;une commande ou en vous inscrivant sur notre site, le cas \u00e9ch\u00e9ant, vous pourriez \u00eatre invit\u00e9 \u00e0 entrer votre : nom, adresse courriel, [&hellip;]<\/p>\n","protected":false},"author":1,"featured_media":0,"parent":0,"menu_order":0,"comment_status":"closed","ping_status":"closed","template":"template-generic.php","meta":{"_acf_changed":false,"footnotes":""},"class_list":["post-1604","page","type-page","status-publish","hentry"],"acf":[],"_links":{"self":[{"href":"https:\/\/www.axisproto.com\/fr\/wp-json\/wp\/v2\/pages\/1604"}],"collection":[{"href":"https:\/\/www.axisproto.com\/fr\/wp-json\/wp\/v2\/pages"}],"about":[{"href":"https:\/\/www.axisproto.com\/fr\/wp-json\/wp\/v2\/types\/page"}],"author":[{"embeddable":true,"href":"https:\/\/www.axisproto.com\/fr\/wp-json\/wp\/v2\/users\/1"}],"replies":[{"embeddable":true,"href":"https:\/\/www.axisproto.com\/fr\/wp-json\/wp\/v2\/comments?post=1604"}],"version-history":[{"count":2,"href":"https:\/\/www.axisproto.com\/fr\/wp-json\/wp\/v2\/pages\/1604\/revisions"}],"predecessor-version":[{"id":1644,"href":"https:\/\/www.axisproto.com\/fr\/wp-json\/wp\/v2\/pages\/1604\/revisions\/1644"}],"wp:attachment":[{"href":"https:\/\/www.axisproto.com\/fr\/wp-json\/wp\/v2\/media?parent=1604"}],"curies":[{"name":"wp","href":"https:\/\/api.w.org\/{rel}","templated":true}]}}